{"id":393,"date":"2024-05-08T00:08:09","date_gmt":"2024-05-08T03:08:09","guid":{"rendered":"http:\/\/sectrans.com.br\/?page_id=393"},"modified":"2024-05-08T00:28:10","modified_gmt":"2024-05-08T03:28:10","slug":"cameras-2","status":"publish","type":"page","link":"http:\/\/sectrans.com.br\/?page_id=393","title":{"rendered":"DVR"},"content":{"rendered":"\t\t<div data-elementor-type=\"wp-page\" data-elementor-id=\"393\" class=\"elementor elementor-393\" data-elementor-post-type=\"page\">\n\t\t\t\t<div class=\"elementor-element elementor-element-857685c e-flex e-con-boxed e-con e-parent\" data-id=\"857685c\" data-element_type=\"container\" data-settings=\"{&quot;background_background&quot;:&quot;classic&quot;}\">\n\t\t\t\t\t<div class=\"e-con-inner\">\n\t\t\t\t<div class=\"elementor-element elementor-element-9039e58 elementor-widget elementor-widget-heading\" data-id=\"9039e58\" data-element_type=\"widget\" data-widget_type=\"heading.default\">\n\t\t\t\t<div class=\"elementor-widget-container\">\n\t\t\t<h2 class=\"elementor-heading-title elementor-size-default\">DVR<\/h2>\t\t<\/div>\n\t\t\t\t<\/div>\n\t\t\t\t\t<\/div>\n\t\t\t\t<\/div>\n\t\t<div class=\"elementor-element elementor-element-839d2bd e-flex e-con-boxed e-con e-parent\" data-id=\"839d2bd\" data-element_type=\"container\">\n\t\t\t\t\t<div class=\"e-con-inner\">\n\t\t\t\t<div class=\"elementor-element elementor-element-7396fd4 elementor-position-left elementor-vertical-align-middle elementor-widget elementor-widget-image-box\" data-id=\"7396fd4\" data-element_type=\"widget\" data-widget_type=\"image-box.default\">\n\t\t\t\t<div class=\"elementor-widget-container\">\n\t\t\t<div class=\"elementor-image-box-wrapper\"><figure class=\"elementor-image-box-img\"><img fetchpriority=\"high\" decoding=\"async\" width=\"339\" height=\"292\" src=\"http:\/\/sectrans.com.br\/wp-content\/uploads\/2024\/05\/MVD-1.png\" class=\"attachment-full size-full wp-image-387\" alt=\"\" srcset=\"http:\/\/sectrans.com.br\/wp-content\/uploads\/2024\/05\/MVD-1.png 339w, http:\/\/sectrans.com.br\/wp-content\/uploads\/2024\/05\/MVD-1-300x258.png 300w\" sizes=\"(max-width: 339px) 100vw, 339px\" \/><\/figure><div class=\"elementor-image-box-content\"><h3 class=\"elementor-image-box-title\">MVD 1404<\/h3><p class=\"elementor-image-box-description\">- Gravador veicular da linha iFleet<br>\n- Case met\u00e1lico e estrutura resistente e vibra\u00e7\u00f5es<br>\n<b>- Suporta 2 cart\u00f5es SD para grava\u00e7\u00e3o das imagens<\/b><br>\n- GPS<br>\n- Alta defini\u00e7\u00e3o para imagens de qualidade<br>\n- Rastreamento e visualiza\u00e7\u00e3o de alta performance<br>\n- Armazenamento de at\u00e9 512 GB<br>\n- Benef\u00edcio para todos os setores<\/p><\/div><\/div>\t\t<\/div>\n\t\t\t\t<\/div>\n\t\t\t\t<div class=\"elementor-element elementor-element-17b2aa4 elementor-widget-divider--view-line elementor-widget elementor-widget-divider\" data-id=\"17b2aa4\" data-element_type=\"widget\" data-widget_type=\"divider.default\">\n\t\t\t\t<div class=\"elementor-widget-container\">\n\t\t\t\t\t<div class=\"elementor-divider\">\n\t\t\t<span class=\"elementor-divider-separator\">\n\t\t\t\t\t\t<\/span>\n\t\t<\/div>\n\t\t\t\t<\/div>\n\t\t\t\t<\/div>\n\t\t\t\t\t<\/div>\n\t\t\t\t<\/div>\n\t\t<div class=\"elementor-element elementor-element-7af98b9 e-flex e-con-boxed e-con e-parent\" data-id=\"7af98b9\" data-element_type=\"container\">\n\t\t\t\t\t<div class=\"e-con-inner\">\n\t\t\t\t<div class=\"elementor-element elementor-element-fcb66df elementor-position-left elementor-vertical-align-middle elementor-widget elementor-widget-image-box\" data-id=\"fcb66df\" data-element_type=\"widget\" data-widget_type=\"image-box.default\">\n\t\t\t\t<div class=\"elementor-widget-container\">\n\t\t\t<div class=\"elementor-image-box-wrapper\"><figure class=\"elementor-image-box-img\"><img fetchpriority=\"high\" decoding=\"async\" width=\"339\" height=\"292\" src=\"http:\/\/sectrans.com.br\/wp-content\/uploads\/2024\/05\/MVD-1.png\" class=\"attachment-full size-full wp-image-387\" alt=\"\" srcset=\"http:\/\/sectrans.com.br\/wp-content\/uploads\/2024\/05\/MVD-1.png 339w, http:\/\/sectrans.com.br\/wp-content\/uploads\/2024\/05\/MVD-1-300x258.png 300w\" sizes=\"(max-width: 339px) 100vw, 339px\" \/><\/figure><div class=\"elementor-image-box-content\"><h3 class=\"elementor-image-box-title\">MVD 3404 GW<\/h3><p class=\"elementor-image-box-description\">- Gravador veicular da linha iFleet<br>\n- Case met\u00e1lico e estrutura resistente e vibra\u00e7\u00f5es<br>\n<b>- Suporta 2 cart\u00f5es SD para grava\u00e7\u00e3o das imagens<\/b><br>\n- Possibilidade para conex\u00f5es de wi-fi e 4G<br>\n- Alta defini\u00e7\u00e3o para imagens de qualidade<br>\n- Rastreamento e visualiza\u00e7\u00e3o de alta performance<br>\n- Armazenamento de at\u00e9 512 GB<br>\n- Benef\u00edcio para todos os setores<\/p><\/div><\/div>\t\t<\/div>\n\t\t\t\t<\/div>\n\t\t\t\t<div class=\"elementor-element elementor-element-0c7fc51 elementor-widget-divider--view-line elementor-widget elementor-widget-divider\" data-id=\"0c7fc51\" data-element_type=\"widget\" data-widget_type=\"divider.default\">\n\t\t\t\t<div class=\"elementor-widget-container\">\n\t\t\t\t\t<div class=\"elementor-divider\">\n\t\t\t<span class=\"elementor-divider-separator\">\n\t\t\t\t\t\t<\/span>\n\t\t<\/div>\n\t\t\t\t<\/div>\n\t\t\t\t<\/div>\n\t\t\t\t\t<\/div>\n\t\t\t\t<\/div>\n\t\t<div class=\"elementor-element elementor-element-656a2e4 e-flex e-con-boxed e-con e-parent\" data-id=\"656a2e4\" data-element_type=\"container\">\n\t\t\t\t\t<div class=\"e-con-inner\">\n\t\t\t\t<div class=\"elementor-element elementor-element-5dd1b4e elementor-position-left elementor-vertical-align-middle elementor-widget elementor-widget-image-box\" data-id=\"5dd1b4e\" data-element_type=\"widget\" data-widget_type=\"image-box.default\">\n\t\t\t\t<div class=\"elementor-widget-container\">\n\t\t\t<div class=\"elementor-image-box-wrapper\"><figure class=\"elementor-image-box-img\"><img fetchpriority=\"high\" decoding=\"async\" width=\"339\" height=\"292\" src=\"http:\/\/sectrans.com.br\/wp-content\/uploads\/2024\/05\/MVD-1.png\" class=\"attachment-full size-full wp-image-387\" alt=\"\" srcset=\"http:\/\/sectrans.com.br\/wp-content\/uploads\/2024\/05\/MVD-1.png 339w, http:\/\/sectrans.com.br\/wp-content\/uploads\/2024\/05\/MVD-1-300x258.png 300w\" sizes=\"(max-width: 339px) 100vw, 339px\" \/><\/figure><div class=\"elementor-image-box-content\"><h3 class=\"elementor-image-box-title\">MVD 3404 W<\/h3><p class=\"elementor-image-box-description\">- Gravador veicular da linha iFleet<br>\n- Case met\u00e1lico e estrutura resistente e vibra\u00e7\u00f5es<br>\n<b>- Resolu\u00e7\u00e3o full HD(1080p)<\/b><br>\n- GPS e Wi-Fi<br>\n- Acompanhe frotas com imagens em alta defini\u00e7\u00e3o<br>\n- Alta performance para rastreamento do ve\u00edculo<br>\n- Mais assertividade para seu CFTV Mobile<br>\n- Benef\u00edcio para todos os setores<\/p><\/div><\/div>\t\t<\/div>\n\t\t\t\t<\/div>\n\t\t\t\t<div class=\"elementor-element elementor-element-858f8f7 elementor-widget-divider--view-line elementor-widget elementor-widget-divider\" data-id=\"858f8f7\" data-element_type=\"widget\" data-widget_type=\"divider.default\">\n\t\t\t\t<div class=\"elementor-widget-container\">\n\t\t\t\t\t<div class=\"elementor-divider\">\n\t\t\t<span class=\"elementor-divider-separator\">\n\t\t\t\t\t\t<\/span>\n\t\t<\/div>\n\t\t\t\t<\/div>\n\t\t\t\t<\/div>\n\t\t\t\t\t<\/div>\n\t\t\t\t<\/div>\n\t\t<div class=\"elementor-element elementor-element-d601f0d e-flex e-con-boxed e-con e-parent\" data-id=\"d601f0d\" data-element_type=\"container\">\n\t\t\t\t\t<div class=\"e-con-inner\">\n\t\t\t\t<div class=\"elementor-element elementor-element-f4880e3 elementor-position-left elementor-vertical-align-middle elementor-widget elementor-widget-image-box\" data-id=\"f4880e3\" data-element_type=\"widget\" data-widget_type=\"image-box.default\">\n\t\t\t\t<div class=\"elementor-widget-container\">\n\t\t\t<div class=\"elementor-image-box-wrapper\"><figure class=\"elementor-image-box-img\"><img fetchpriority=\"high\" decoding=\"async\" width=\"339\" height=\"292\" src=\"http:\/\/sectrans.com.br\/wp-content\/uploads\/2024\/05\/MVD-1.png\" class=\"attachment-full size-full wp-image-387\" alt=\"\" srcset=\"http:\/\/sectrans.com.br\/wp-content\/uploads\/2024\/05\/MVD-1.png 339w, http:\/\/sectrans.com.br\/wp-content\/uploads\/2024\/05\/MVD-1-300x258.png 300w\" sizes=\"(max-width: 339px) 100vw, 339px\" \/><\/figure><div class=\"elementor-image-box-content\"><h3 class=\"elementor-image-box-title\">MVD 3404 G<\/h3><p class=\"elementor-image-box-description\">- Gravador veicular da linha iFleet<br>\n- Case met\u00e1lico e estrutura resistente e vibra\u00e7\u00f5es<br>\n<b>- Armazenamento de at\u00e9 512 GB<\/b><br>\n- 4G<br>\n- Acompanhe frotas com imagens em alta defini\u00e7\u00e3o<br>\n- Alta performance para rastreamento do ve\u00edculo<br>\n- Benef\u00edcio para todos os setores<\/p><\/div><\/div>\t\t<\/div>\n\t\t\t\t<\/div>\n\t\t\t\t<div class=\"elementor-element elementor-element-2fbc601 elementor-widget-divider--view-line elementor-widget elementor-widget-divider\" data-id=\"2fbc601\" data-element_type=\"widget\" data-widget_type=\"divider.default\">\n\t\t\t\t<div class=\"elementor-widget-container\">\n\t\t\t\t\t<div class=\"elementor-divider\">\n\t\t\t<span class=\"elementor-divider-separator\">\n\t\t\t\t\t\t<\/span>\n\t\t<\/div>\n\t\t\t\t<\/div>\n\t\t\t\t<\/div>\n\t\t\t\t\t<\/div>\n\t\t\t\t<\/div>\n\t\t<div class=\"elementor-element elementor-element-8f5bd16 e-flex e-con-boxed e-con e-parent\" data-id=\"8f5bd16\" data-element_type=\"container\">\n\t\t\t\t\t<div class=\"e-con-inner\">\n\t\t\t\t<div class=\"elementor-element elementor-element-3388c9c elementor-position-left elementor-vertical-align-middle elementor-widget elementor-widget-image-box\" data-id=\"3388c9c\" data-element_type=\"widget\" data-widget_type=\"image-box.default\">\n\t\t\t\t<div class=\"elementor-widget-container\">\n\t\t\t<div class=\"elementor-image-box-wrapper\"><figure class=\"elementor-image-box-img\"><img decoding=\"async\" width=\"356\" height=\"292\" src=\"http:\/\/sectrans.com.br\/wp-content\/uploads\/2024\/05\/MVD_5404_GW.png\" class=\"attachment-full size-full wp-image-389\" alt=\"\" srcset=\"http:\/\/sectrans.com.br\/wp-content\/uploads\/2024\/05\/MVD_5404_GW.png 356w, http:\/\/sectrans.com.br\/wp-content\/uploads\/2024\/05\/MVD_5404_GW-300x246.png 300w\" sizes=\"(max-width: 356px) 100vw, 356px\" \/><\/figure><div class=\"elementor-image-box-content\"><h3 class=\"elementor-image-box-title\">MVD 5404 GW<\/h3><p class=\"elementor-image-box-description\">- Gravador veicular da linha iFleet<br>\n- Case met\u00e1lico e estrutura resistente e vibra\u00e7\u00f5es<br>\n<b>- Suporta um cart\u00e3o SD de at\u00e9 256GB e um HD de at\u00e9 2TB<\/b><br>\n- 4G e GPS<br>\n- Acompanhe frotas com imagens em alta defini\u00e7\u00e3o<br>\n- Rastreamento e visualiza\u00e7\u00e3o de v\u00eddeo<br>\n- Benef\u00edcio para todos os setores<\/p><\/div><\/div>\t\t<\/div>\n\t\t\t\t<\/div>\n\t\t\t\t<div class=\"elementor-element elementor-element-acf3922 elementor-widget-divider--view-line elementor-widget elementor-widget-divider\" data-id=\"acf3922\" data-element_type=\"widget\" data-widget_type=\"divider.default\">\n\t\t\t\t<div class=\"elementor-widget-container\">\n\t\t\t\t\t<div class=\"elementor-divider\">\n\t\t\t<span class=\"elementor-divider-separator\">\n\t\t\t\t\t\t<\/span>\n\t\t<\/div>\n\t\t\t\t<\/div>\n\t\t\t\t<\/div>\n\t\t\t\t\t<\/div>\n\t\t\t\t<\/div>\n\t\t\t\t<\/div>\n\t\t","protected":false},"excerpt":{"rendered":"<p>DVR MVD 1404 &#8211; Gravador veicular da linha iFleet &#8211; Case met\u00e1lico e estrutura resistente e vibra\u00e7\u00f5es &#8211; Suporta 2 cart\u00f5es SD para grava\u00e7\u00e3o das imagens &#8211; GPS &#8211; Alta defini\u00e7\u00e3o para imagens de qualidade &#8211; Rastreamento e visualiza\u00e7\u00e3o de alta performance &#8211; Armazenamento de at\u00e9 512 GB &#8211; Benef\u00edcio para todos os setores MVD [&hellip;]<\/p>\n","protected":false},"author":2,"featured_media":0,"parent":0,"menu_order":0,"comment_status":"closed","ping_status":"closed","template":"elementor_header_footer","meta":{"footnotes":""},"class_list":["post-393","page","type-page","status-publish","hentry"],"_links":{"self":[{"href":"http:\/\/sectrans.com.br\/index.php?rest_route=\/wp\/v2\/pages\/393","targetHints":{"allow":["GET"]}}],"collection":[{"href":"http:\/\/sectrans.com.br\/index.php?rest_route=\/wp\/v2\/pages"}],"about":[{"href":"http:\/\/sectrans.com.br\/index.php?rest_route=\/wp\/v2\/types\/page"}],"author":[{"embeddable":true,"href":"http:\/\/sectrans.com.br\/index.php?rest_route=\/wp\/v2\/users\/2"}],"replies":[{"embeddable":true,"href":"http:\/\/sectrans.com.br\/index.php?rest_route=%2Fwp%2Fv2%2Fcomments&post=393"}],"version-history":[{"count":4,"href":"http:\/\/sectrans.com.br\/index.php?rest_route=\/wp\/v2\/pages\/393\/revisions"}],"predecessor-version":[{"id":402,"href":"http:\/\/sectrans.com.br\/index.php?rest_route=\/wp\/v2\/pages\/393\/revisions\/402"}],"wp:attachment":[{"href":"http:\/\/sectrans.com.br\/index.php?rest_route=%2Fwp%2Fv2%2Fmedia&parent=393"}],"curies":[{"name":"wp","href":"https:\/\/api.w.org\/{rel}","templated":true}]}}