{"id":377,"date":"2024-05-07T19:11:03","date_gmt":"2024-05-07T22:11:03","guid":{"rendered":"http:\/\/sectrans.com.br\/?page_id=377"},"modified":"2024-05-15T09:29:43","modified_gmt":"2024-05-15T12:29:43","slug":"acesorios","status":"publish","type":"page","link":"http:\/\/sectrans.com.br\/?page_id=377","title":{"rendered":"Acess\u00f3rios"},"content":{"rendered":"\t\t<div data-elementor-type=\"wp-page\" data-elementor-id=\"377\" class=\"elementor elementor-377\" data-elementor-post-type=\"page\">\n\t\t\t\t<div class=\"elementor-element elementor-element-857685c e-flex e-con-boxed e-con e-parent\" data-id=\"857685c\" data-element_type=\"container\" data-settings=\"{&quot;background_background&quot;:&quot;classic&quot;}\">\n\t\t\t\t\t<div class=\"e-con-inner\">\n\t\t\t\t<div class=\"elementor-element elementor-element-9039e58 elementor-widget elementor-widget-heading\" data-id=\"9039e58\" data-element_type=\"widget\" data-widget_type=\"heading.default\">\n\t\t\t\t<div class=\"elementor-widget-container\">\n\t\t\t<h2 class=\"elementor-heading-title elementor-size-default\">Acess\u00f3rios<\/h2>\t\t<\/div>\n\t\t\t\t<\/div>\n\t\t\t\t\t<\/div>\n\t\t\t\t<\/div>\n\t\t<div class=\"elementor-element elementor-element-839d2bd e-flex e-con-boxed e-con e-parent\" data-id=\"839d2bd\" data-element_type=\"container\">\n\t\t\t\t\t<div class=\"e-con-inner\">\n\t\t\t\t<div class=\"elementor-element elementor-element-7396fd4 elementor-position-left elementor-vertical-align-middle elementor-widget elementor-widget-image-box\" data-id=\"7396fd4\" data-element_type=\"widget\" data-widget_type=\"image-box.default\">\n\t\t\t\t<div class=\"elementor-widget-container\">\n\t\t\t<div class=\"elementor-image-box-wrapper\"><figure class=\"elementor-image-box-img\"><img fetchpriority=\"high\" decoding=\"async\" width=\"320\" height=\"309\" src=\"http:\/\/sectrans.com.br\/wp-content\/uploads\/2024\/05\/mva1154.png\" class=\"attachment-full size-full wp-image-388\" alt=\"\" srcset=\"http:\/\/sectrans.com.br\/wp-content\/uploads\/2024\/05\/mva1154.png 320w, http:\/\/sectrans.com.br\/wp-content\/uploads\/2024\/05\/mva1154-300x290.png 300w\" sizes=\"(max-width: 320px) 100vw, 320px\" \/><\/figure><div class=\"elementor-image-box-content\"><h3 class=\"elementor-image-box-title\">MVA 1154<\/h3><p class=\"elementor-image-box-description\">- Monitor de Alarme<br>\n- IP54<br>\n<b>- Tela de 1,54\u201d de alta resolu\u00e7\u00e3o<\/b><br>\n- Case Pl\u00e1stico<br>\n- Sa\u00edda de v\u00eddeo Aviation F\u00eamea 7 Pinos\n<br>\n- RS-232 Baud rate 9600<\/p><\/div><\/div>\t\t<\/div>\n\t\t\t\t<\/div>\n\t\t\t\t<div class=\"elementor-element elementor-element-17b2aa4 elementor-widget-divider--view-line elementor-widget elementor-widget-divider\" data-id=\"17b2aa4\" data-element_type=\"widget\" data-widget_type=\"divider.default\">\n\t\t\t\t<div class=\"elementor-widget-container\">\n\t\t\t\t\t<div class=\"elementor-divider\">\n\t\t\t<span class=\"elementor-divider-separator\">\n\t\t\t\t\t\t<\/span>\n\t\t<\/div>\n\t\t\t\t<\/div>\n\t\t\t\t<\/div>\n\t\t\t\t\t<\/div>\n\t\t\t\t<\/div>\n\t\t<div class=\"elementor-element elementor-element-43d5c44 e-flex e-con-boxed e-con e-parent\" data-id=\"43d5c44\" data-element_type=\"container\">\n\t\t\t\t\t<div class=\"e-con-inner\">\n\t\t\t\t<div class=\"elementor-element elementor-element-c747df4 elementor-position-left elementor-vertical-align-middle elementor-widget elementor-widget-image-box\" data-id=\"c747df4\" data-element_type=\"widget\" data-widget_type=\"image-box.default\">\n\t\t\t\t<div class=\"elementor-widget-container\">\n\t\t\t<div class=\"elementor-image-box-wrapper\"><figure class=\"elementor-image-box-img\"><img decoding=\"async\" width=\"262\" height=\"271\" src=\"http:\/\/sectrans.com.br\/wp-content\/uploads\/2024\/05\/CP4.png\" class=\"attachment-full size-full wp-image-384\" alt=\"\" \/><\/figure><div class=\"elementor-image-box-content\"><h3 class=\"elementor-image-box-title\">CP4 (Painel multi-fun\u00e7\u00f5es)<\/h3><p class=\"elementor-image-box-description\">- Painel sens\u00edvel ao toque e multi-fun\u00e7\u00f5es para \nDVRs Veiculares<br>\n-  Resolu\u00e7\u00e3o de 800 x 480<br>\n<b>- Tela touchscreen de 7 polegadas resistente a \nvibra\u00e7\u00f5es<\/b><br>\n- Possibilidade de efetuar o diagn\u00f3stico e \nvisualiza\u00e7\u00e3o dos canais do DVR Veicular<br>\n- Alto-falantes embutidos<\/p><\/div><\/div>\t\t<\/div>\n\t\t\t\t<\/div>\n\t\t\t\t<div class=\"elementor-element elementor-element-0295210 elementor-widget-divider--view-line elementor-widget elementor-widget-divider\" data-id=\"0295210\" data-element_type=\"widget\" data-widget_type=\"divider.default\">\n\t\t\t\t<div class=\"elementor-widget-container\">\n\t\t\t\t\t<div class=\"elementor-divider\">\n\t\t\t<span class=\"elementor-divider-separator\">\n\t\t\t\t\t\t<\/span>\n\t\t<\/div>\n\t\t\t\t<\/div>\n\t\t\t\t<\/div>\n\t\t\t\t\t<\/div>\n\t\t\t\t<\/div>\n\t\t<div class=\"elementor-element elementor-element-3f92f15 e-flex e-con-boxed e-con e-parent\" data-id=\"3f92f15\" data-element_type=\"container\">\n\t\t\t\t\t<div class=\"e-con-inner\">\n\t\t\t\t<div class=\"elementor-element elementor-element-56b06d0 elementor-position-left elementor-vertical-align-middle elementor-widget elementor-widget-image-box\" data-id=\"56b06d0\" data-element_type=\"widget\" data-widget_type=\"image-box.default\">\n\t\t\t\t<div class=\"elementor-widget-container\">\n\t\t\t<div class=\"elementor-image-box-wrapper\"><figure class=\"elementor-image-box-img\"><img decoding=\"async\" width=\"280\" height=\"246\" src=\"http:\/\/sectrans.com.br\/wp-content\/uploads\/2024\/05\/sa_card.png\" class=\"attachment-full size-full wp-image-386\" alt=\"\" \/><\/figure><div class=\"elementor-image-box-content\"><h3 class=\"elementor-image-box-title\">SD Card<\/h3><p class=\"elementor-image-box-description\">- Armazenamento em cart\u00e3o de mem\u00f3ria tipo SD<br>\n- Capacidade de 64, 128 e 256Gb<\/p><\/div><\/div>\t\t<\/div>\n\t\t\t\t<\/div>\n\t\t\t\t<div class=\"elementor-element elementor-element-69d56f0 elementor-widget-divider--view-line elementor-widget elementor-widget-divider\" data-id=\"69d56f0\" data-element_type=\"widget\" data-widget_type=\"divider.default\">\n\t\t\t\t<div class=\"elementor-widget-container\">\n\t\t\t\t\t<div class=\"elementor-divider\">\n\t\t\t<span class=\"elementor-divider-separator\">\n\t\t\t\t\t\t<\/span>\n\t\t<\/div>\n\t\t\t\t<\/div>\n\t\t\t\t<\/div>\n\t\t\t\t\t<\/div>\n\t\t\t\t<\/div>\n\t\t<div class=\"elementor-element elementor-element-977c9ae e-flex e-con-boxed e-con e-parent\" data-id=\"977c9ae\" data-element_type=\"container\">\n\t\t\t\t\t<div class=\"e-con-inner\">\n\t\t\t\t<div class=\"elementor-element elementor-element-14e9e3c elementor-position-left elementor-vertical-align-middle elementor-widget elementor-widget-image-box\" data-id=\"14e9e3c\" data-element_type=\"widget\" data-widget_type=\"image-box.default\">\n\t\t\t\t<div class=\"elementor-widget-container\">\n\t\t\t<div class=\"elementor-image-box-wrapper\"><figure class=\"elementor-image-box-img\"><img loading=\"lazy\" decoding=\"async\" width=\"262\" height=\"237\" src=\"http:\/\/sectrans.com.br\/wp-content\/uploads\/2024\/05\/cabo_alimentacao.png\" class=\"attachment-full size-full wp-image-383\" alt=\"\" \/><\/figure><div class=\"elementor-image-box-content\"><h3 class=\"elementor-image-box-title\">Cabo de Alimenta\u00e7\u00e3o<\/h3><p class=\"elementor-image-box-description\">- Cabo de alimenta\u00e7\u00e3o 2 vias 2m (Solu\u00e7\u00e3o IA) G2<\/p><\/div><\/div>\t\t<\/div>\n\t\t\t\t<\/div>\n\t\t\t\t<div class=\"elementor-element elementor-element-76848be elementor-widget-divider--view-line elementor-widget elementor-widget-divider\" data-id=\"76848be\" data-element_type=\"widget\" data-widget_type=\"divider.default\">\n\t\t\t\t<div class=\"elementor-widget-container\">\n\t\t\t\t\t<div class=\"elementor-divider\">\n\t\t\t<span class=\"elementor-divider-separator\">\n\t\t\t\t\t\t<\/span>\n\t\t<\/div>\n\t\t\t\t<\/div>\n\t\t\t\t<\/div>\n\t\t\t\t\t<\/div>\n\t\t\t\t<\/div>\n\t\t<div class=\"elementor-element elementor-element-95d50e0 e-flex e-con-boxed e-con e-parent\" data-id=\"95d50e0\" data-element_type=\"container\">\n\t\t\t\t\t<div class=\"e-con-inner\">\n\t\t\t\t<div class=\"elementor-element elementor-element-860aade elementor-position-left elementor-vertical-align-middle elementor-widget elementor-widget-image-box\" data-id=\"860aade\" data-element_type=\"widget\" data-widget_type=\"image-box.default\">\n\t\t\t\t<div class=\"elementor-widget-container\">\n\t\t\t<div class=\"elementor-image-box-wrapper\"><figure class=\"elementor-image-box-img\"><img loading=\"lazy\" decoding=\"async\" width=\"262\" height=\"237\" src=\"http:\/\/sectrans.com.br\/wp-content\/uploads\/2024\/05\/cabo_alimentacao.png\" class=\"attachment-full size-full wp-image-383\" alt=\"\" \/><\/figure><div class=\"elementor-image-box-content\"><h3 class=\"elementor-image-box-title\">Cabo extensor<\/h3><p class=\"elementor-image-box-description\">- Cabo extensor Alarme MVD (Solu\u00e7\u00e3o IA) G2<\/p><\/div><\/div>\t\t<\/div>\n\t\t\t\t<\/div>\n\t\t\t\t<div class=\"elementor-element elementor-element-efa2e3f elementor-widget-divider--view-line elementor-widget elementor-widget-divider\" data-id=\"efa2e3f\" data-element_type=\"widget\" data-widget_type=\"divider.default\">\n\t\t\t\t<div class=\"elementor-widget-container\">\n\t\t\t\t\t<div class=\"elementor-divider\">\n\t\t\t<span class=\"elementor-divider-separator\">\n\t\t\t\t\t\t<\/span>\n\t\t<\/div>\n\t\t\t\t<\/div>\n\t\t\t\t<\/div>\n\t\t\t\t\t<\/div>\n\t\t\t\t<\/div>\n\t\t<div class=\"elementor-element elementor-element-f03171b e-flex e-con-boxed e-con e-parent\" data-id=\"f03171b\" data-element_type=\"container\">\n\t\t\t\t\t<div class=\"e-con-inner\">\n\t\t\t\t<div class=\"elementor-element elementor-element-057a506 elementor-position-left elementor-vertical-align-middle elementor-widget elementor-widget-image-box\" data-id=\"057a506\" data-element_type=\"widget\" data-widget_type=\"image-box.default\">\n\t\t\t\t<div class=\"elementor-widget-container\">\n\t\t\t<div class=\"elementor-image-box-wrapper\"><figure class=\"elementor-image-box-img\"><img loading=\"lazy\" decoding=\"async\" width=\"262\" height=\"237\" src=\"http:\/\/sectrans.com.br\/wp-content\/uploads\/2024\/05\/cabo_alimentacao.png\" class=\"attachment-full size-full wp-image-383\" alt=\"\" \/><\/figure><div class=\"elementor-image-box-content\"><h3 class=\"elementor-image-box-title\">Cabo conversor<\/h3><p class=\"elementor-image-box-description\">- Cabo conversor Aviat 6 Vias RJ45 Alimenta\u00e7\u00e3o (Solu\u00e7\u00e3o IA) G2<\/p><\/div><\/div>\t\t<\/div>\n\t\t\t\t<\/div>\n\t\t\t\t<div class=\"elementor-element elementor-element-4a71317 elementor-widget-divider--view-line elementor-widget elementor-widget-divider\" data-id=\"4a71317\" data-element_type=\"widget\" data-widget_type=\"divider.default\">\n\t\t\t\t<div class=\"elementor-widget-container\">\n\t\t\t\t\t<div class=\"elementor-divider\">\n\t\t\t<span class=\"elementor-divider-separator\">\n\t\t\t\t\t\t<\/span>\n\t\t<\/div>\n\t\t\t\t<\/div>\n\t\t\t\t<\/div>\n\t\t\t\t\t<\/div>\n\t\t\t\t<\/div>\n\t\t<div class=\"elementor-element elementor-element-cf95b39 e-flex e-con-boxed e-con e-parent\" data-id=\"cf95b39\" data-element_type=\"container\">\n\t\t\t\t\t<div class=\"e-con-inner\">\n\t\t\t\t<div class=\"elementor-element elementor-element-adde3a2 elementor-position-left elementor-vertical-align-middle elementor-widget elementor-widget-image-box\" data-id=\"adde3a2\" data-element_type=\"widget\" data-widget_type=\"image-box.default\">\n\t\t\t\t<div class=\"elementor-widget-container\">\n\t\t\t<div class=\"elementor-image-box-wrapper\"><figure class=\"elementor-image-box-img\"><img loading=\"lazy\" decoding=\"async\" width=\"262\" height=\"237\" src=\"http:\/\/sectrans.com.br\/wp-content\/uploads\/2024\/05\/cabo_alimentacao.png\" class=\"attachment-full size-full wp-image-383\" alt=\"\" \/><\/figure><div class=\"elementor-image-box-content\"><h3 class=\"elementor-image-box-title\">Cabo conversor<\/h3><p class=\"elementor-image-box-description\">- Cabo conversor RJ45 para USB-A (Solu\u00e7\u00e3o veicular)<\/p><\/div><\/div>\t\t<\/div>\n\t\t\t\t<\/div>\n\t\t\t\t<div class=\"elementor-element elementor-element-f42df72 elementor-widget-divider--view-line elementor-widget elementor-widget-divider\" data-id=\"f42df72\" data-element_type=\"widget\" data-widget_type=\"divider.default\">\n\t\t\t\t<div class=\"elementor-widget-container\">\n\t\t\t\t\t<div class=\"elementor-divider\">\n\t\t\t<span class=\"elementor-divider-separator\">\n\t\t\t\t\t\t<\/span>\n\t\t<\/div>\n\t\t\t\t<\/div>\n\t\t\t\t<\/div>\n\t\t\t\t\t<\/div>\n\t\t\t\t<\/div>\n\t\t\t\t<\/div>\n\t\t","protected":false},"excerpt":{"rendered":"<p>Acess\u00f3rios MVA 1154 &#8211; Monitor de Alarme &#8211; IP54 &#8211; Tela de 1,54\u201d de alta resolu\u00e7\u00e3o &#8211; Case Pl\u00e1stico &#8211; Sa\u00edda de v\u00eddeo Aviation F\u00eamea 7 Pinos &#8211; RS-232 Baud rate 9600 CP4 (Painel multi-fun\u00e7\u00f5es) &#8211; Painel sens\u00edvel ao toque e multi-fun\u00e7\u00f5es para DVRs Veiculares &#8211; Resolu\u00e7\u00e3o de 800 x 480 &#8211; Tela touchscreen de [&hellip;]<\/p>\n","protected":false},"author":2,"featured_media":0,"parent":0,"menu_order":0,"comment_status":"closed","ping_status":"closed","template":"elementor_header_footer","meta":{"footnotes":""},"class_list":["post-377","page","type-page","status-publish","hentry"],"_links":{"self":[{"href":"http:\/\/sectrans.com.br\/index.php?rest_route=\/wp\/v2\/pages\/377","targetHints":{"allow":["GET"]}}],"collection":[{"href":"http:\/\/sectrans.com.br\/index.php?rest_route=\/wp\/v2\/pages"}],"about":[{"href":"http:\/\/sectrans.com.br\/index.php?rest_route=\/wp\/v2\/types\/page"}],"author":[{"embeddable":true,"href":"http:\/\/sectrans.com.br\/index.php?rest_route=\/wp\/v2\/users\/2"}],"replies":[{"embeddable":true,"href":"http:\/\/sectrans.com.br\/index.php?rest_route=%2Fwp%2Fv2%2Fcomments&post=377"}],"version-history":[{"count":10,"href":"http:\/\/sectrans.com.br\/index.php?rest_route=\/wp\/v2\/pages\/377\/revisions"}],"predecessor-version":[{"id":421,"href":"http:\/\/sectrans.com.br\/index.php?rest_route=\/wp\/v2\/pages\/377\/revisions\/421"}],"wp:attachment":[{"href":"http:\/\/sectrans.com.br\/index.php?rest_route=%2Fwp%2Fv2%2Fmedia&parent=377"}],"curies":[{"name":"wp","href":"https:\/\/api.w.org\/{rel}","templated":true}]}}