{"id":338,"date":"2024-05-01T10:04:25","date_gmt":"2024-05-01T13:04:25","guid":{"rendered":"http:\/\/sectrans.com.br\/?page_id=338"},"modified":"2024-05-15T09:35:02","modified_gmt":"2024-05-15T12:35:02","slug":"cameras","status":"publish","type":"page","link":"http:\/\/sectrans.com.br\/?page_id=338","title":{"rendered":"Cameras"},"content":{"rendered":"\t\t<div data-elementor-type=\"wp-page\" data-elementor-id=\"338\" class=\"elementor elementor-338\" data-elementor-post-type=\"page\">\n\t\t\t\t<div class=\"elementor-element elementor-element-857685c e-flex e-con-boxed e-con e-parent\" data-id=\"857685c\" data-element_type=\"container\" data-settings=\"{&quot;background_background&quot;:&quot;classic&quot;}\">\n\t\t\t\t\t<div class=\"e-con-inner\">\n\t\t\t\t<div class=\"elementor-element elementor-element-9039e58 elementor-widget elementor-widget-heading\" data-id=\"9039e58\" data-element_type=\"widget\" data-widget_type=\"heading.default\">\n\t\t\t\t<div class=\"elementor-widget-container\">\n\t\t\t<h2 class=\"elementor-heading-title elementor-size-default\">C\u00e2meras Veiculares<\/h2>\t\t<\/div>\n\t\t\t\t<\/div>\n\t\t\t\t\t<\/div>\n\t\t\t\t<\/div>\n\t\t<div class=\"elementor-element elementor-element-839d2bd e-flex e-con-boxed e-con e-parent\" data-id=\"839d2bd\" data-element_type=\"container\">\n\t\t\t\t\t<div class=\"e-con-inner\">\n\t\t\t\t<div class=\"elementor-element elementor-element-7396fd4 elementor-position-left elementor-vertical-align-middle elementor-widget elementor-widget-image-box\" data-id=\"7396fd4\" data-element_type=\"widget\" data-widget_type=\"image-box.default\">\n\t\t\t\t<div class=\"elementor-widget-container\">\n\t\t\t<div class=\"elementor-image-box-wrapper\"><figure class=\"elementor-image-box-img\"><img fetchpriority=\"high\" decoding=\"async\" width=\"300\" height=\"261\" src=\"http:\/\/sectrans.com.br\/wp-content\/uploads\/2024\/04\/VHDM_3125_G3.png\" class=\"attachment-full size-full wp-image-251\" alt=\"\" \/><\/figure><div class=\"elementor-image-box-content\"><h3 class=\"elementor-image-box-title\">VHDM 3125 G3<\/h3><p class=\"elementor-image-box-description\">- Case met\u00e1lico<br>\n- C\u00e2mera veicular AHD com 25M de IR - IP 67<br>\n- Resolu\u00e7\u00e3o 720p<br>\n<b>- Maior alcance de Vis\u00e3o<\/b><br>\n- Prote\u00e7\u00e3o contra res\u00edduos s\u00f3lidos e l\u00edquidos<br>\n- Sensor 1\/ 2,7\" CMOS<br>\n- Balan\u00e7o de branco autom\u00e1tico<br>\n- Case antivibra\u00e7\u00e3o<br>\n- Lente 2,8 mm<\/p><\/div><\/div>\t\t<\/div>\n\t\t\t\t<\/div>\n\t\t\t\t<div class=\"elementor-element elementor-element-17b2aa4 elementor-widget-divider--view-line elementor-widget elementor-widget-divider\" data-id=\"17b2aa4\" data-element_type=\"widget\" data-widget_type=\"divider.default\">\n\t\t\t\t<div class=\"elementor-widget-container\">\n\t\t\t\t\t<div class=\"elementor-divider\">\n\t\t\t<span class=\"elementor-divider-separator\">\n\t\t\t\t\t\t<\/span>\n\t\t<\/div>\n\t\t\t\t<\/div>\n\t\t\t\t<\/div>\n\t\t\t\t\t<\/div>\n\t\t\t\t<\/div>\n\t\t<div class=\"elementor-element elementor-element-43d5c44 e-flex e-con-boxed e-con e-parent\" data-id=\"43d5c44\" data-element_type=\"container\">\n\t\t\t\t\t<div class=\"e-con-inner\">\n\t\t\t\t<div class=\"elementor-element elementor-element-c747df4 elementor-position-left elementor-vertical-align-middle elementor-widget elementor-widget-image-box\" data-id=\"c747df4\" data-element_type=\"widget\" data-widget_type=\"image-box.default\">\n\t\t\t\t<div class=\"elementor-widget-container\">\n\t\t\t<div class=\"elementor-image-box-wrapper\"><figure class=\"elementor-image-box-img\"><img decoding=\"async\" width=\"300\" height=\"261\" src=\"http:\/\/sectrans.com.br\/wp-content\/uploads\/2024\/05\/VHDM_3105_G3.png\" class=\"attachment-full size-full wp-image-355\" alt=\"\" \/><\/figure><div class=\"elementor-image-box-content\"><h3 class=\"elementor-image-box-title\">VHDM 3105 G3<\/h3><p class=\"elementor-image-box-description\">- Case met\u00e1lico<br>\n- C\u00e2mera veicular AHD com 5M de IR - IP 67<br>\n- Resolu\u00e7\u00e3o Full HD 1080p<br>\n<b>- Maior durabilidade e resist\u00eancia as vibra\u00e7\u00f5es<\/b><br>\n- Prote\u00e7\u00e3o contra res\u00edduos s\u00f3lidos e l\u00edquidos<br>\n- Sensor 1\/ 2,7\" CMOS<br>\n- Balan\u00e7o de branco autom\u00e1tico<br>\n- Case antivibra\u00e7\u00e3o<br>\n- Lente 2,8 mm<\/p><\/div><\/div>\t\t<\/div>\n\t\t\t\t<\/div>\n\t\t\t\t<div class=\"elementor-element elementor-element-0295210 elementor-widget-divider--view-line elementor-widget elementor-widget-divider\" data-id=\"0295210\" data-element_type=\"widget\" data-widget_type=\"divider.default\">\n\t\t\t\t<div class=\"elementor-widget-container\">\n\t\t\t\t\t<div class=\"elementor-divider\">\n\t\t\t<span class=\"elementor-divider-separator\">\n\t\t\t\t\t\t<\/span>\n\t\t<\/div>\n\t\t\t\t<\/div>\n\t\t\t\t<\/div>\n\t\t\t\t\t<\/div>\n\t\t\t\t<\/div>\n\t\t<div class=\"elementor-element elementor-element-91cbca0 e-flex e-con-boxed e-con e-parent\" data-id=\"91cbca0\" data-element_type=\"container\">\n\t\t\t\t\t<div class=\"e-con-inner\">\n\t\t\t\t<div class=\"elementor-element elementor-element-44ecd85 elementor-position-left elementor-vertical-align-middle elementor-widget elementor-widget-image-box\" data-id=\"44ecd85\" data-element_type=\"widget\" data-widget_type=\"image-box.default\">\n\t\t\t\t<div class=\"elementor-widget-container\">\n\t\t\t<div class=\"elementor-image-box-wrapper\"><figure class=\"elementor-image-box-img\"><img decoding=\"async\" width=\"271\" height=\"252\" src=\"http:\/\/sectrans.com.br\/wp-content\/uploads\/2024\/05\/VHDM_3100_G3.png\" class=\"attachment-full size-full wp-image-360\" alt=\"\" \/><\/figure><div class=\"elementor-image-box-content\"><h3 class=\"elementor-image-box-title\">VHDM 3100 G3<\/h3><p class=\"elementor-image-box-description\">- C\u00e2mera veicular de case met\u00e1lico<br>\n- Resolu\u00e7\u00e3o 720p<br>\n<b>- Microfone para captar \u00e1udios com fidelidade<\/b><br>\n- Prote\u00e7\u00e3o contra res\u00edduos s\u00f3lidos e l\u00edquidos<br>\n- Sensor 1\/ 2,7\" CMOS<br>\n- Balan\u00e7o de branco autom\u00e1tico<br>\n- Case antivibra\u00e7\u00e3o<br>\n- Lente 2,8 mm<\/p><\/div><\/div>\t\t<\/div>\n\t\t\t\t<\/div>\n\t\t\t\t<div class=\"elementor-element elementor-element-84641ea elementor-widget-divider--view-line elementor-widget elementor-widget-divider\" data-id=\"84641ea\" data-element_type=\"widget\" data-widget_type=\"divider.default\">\n\t\t\t\t<div class=\"elementor-widget-container\">\n\t\t\t\t\t<div class=\"elementor-divider\">\n\t\t\t<span class=\"elementor-divider-separator\">\n\t\t\t\t\t\t<\/span>\n\t\t<\/div>\n\t\t\t\t<\/div>\n\t\t\t\t<\/div>\n\t\t\t\t\t<\/div>\n\t\t\t\t<\/div>\n\t\t<div class=\"elementor-element elementor-element-3f92f15 e-flex e-con-boxed e-con e-parent\" data-id=\"3f92f15\" data-element_type=\"container\">\n\t\t\t\t\t<div class=\"e-con-inner\">\n\t\t\t\t<div class=\"elementor-element elementor-element-56b06d0 elementor-position-left elementor-vertical-align-middle elementor-widget elementor-widget-image-box\" data-id=\"56b06d0\" data-element_type=\"widget\" data-widget_type=\"image-box.default\">\n\t\t\t\t<div class=\"elementor-widget-container\">\n\t\t\t<div class=\"elementor-image-box-wrapper\"><figure class=\"elementor-image-box-img\"><img loading=\"lazy\" decoding=\"async\" width=\"296\" height=\"292\" src=\"http:\/\/sectrans.com.br\/wp-content\/uploads\/2024\/05\/VIPM_3230.png\" class=\"attachment-full size-full wp-image-361\" alt=\"\" \/><\/figure><div class=\"elementor-image-box-content\"><h3 class=\"elementor-image-box-title\">VIPM 3230<\/h3><p class=\"elementor-image-box-description\">- C\u00e2mera IP veicular<br>\n- Resolu\u00e7\u00e3o Full HD 1080p<br>\n- Microfone embutido e 30M de IR<br>\n<b>- Case com prote\u00e7\u00e3o IP67 e IK10 <\/b><br>\n- Sensor 1\/ 2,7\" CMOS<br>\n- Balan\u00e7o de branco autom\u00e1tico<br>\n- Case antivibra\u00e7\u00e3o<br>\n- Lente 2,8 mm<\/p><\/div><\/div>\t\t<\/div>\n\t\t\t\t<\/div>\n\t\t\t\t<div class=\"elementor-element elementor-element-69d56f0 elementor-widget-divider--view-line elementor-widget elementor-widget-divider\" data-id=\"69d56f0\" data-element_type=\"widget\" data-widget_type=\"divider.default\">\n\t\t\t\t<div class=\"elementor-widget-container\">\n\t\t\t\t\t<div class=\"elementor-divider\">\n\t\t\t<span class=\"elementor-divider-separator\">\n\t\t\t\t\t\t<\/span>\n\t\t<\/div>\n\t\t\t\t<\/div>\n\t\t\t\t<\/div>\n\t\t\t\t\t<\/div>\n\t\t\t\t<\/div>\n\t\t<div class=\"elementor-element elementor-element-977c9ae e-flex e-con-boxed e-con e-parent\" data-id=\"977c9ae\" data-element_type=\"container\">\n\t\t\t\t\t<div class=\"e-con-inner\">\n\t\t\t\t<div class=\"elementor-element elementor-element-14e9e3c elementor-position-left elementor-vertical-align-middle elementor-widget elementor-widget-image-box\" data-id=\"14e9e3c\" data-element_type=\"widget\" data-widget_type=\"image-box.default\">\n\t\t\t\t<div class=\"elementor-widget-container\">\n\t\t\t<div class=\"elementor-image-box-wrapper\"><figure class=\"elementor-image-box-img\"><img loading=\"lazy\" decoding=\"async\" width=\"286\" height=\"286\" src=\"http:\/\/sectrans.com.br\/wp-content\/uploads\/2024\/05\/VHDM_1012_ADAS.png\" class=\"attachment-full size-full wp-image-358\" alt=\"\" srcset=\"http:\/\/sectrans.com.br\/wp-content\/uploads\/2024\/05\/VHDM_1012_ADAS.png 286w, http:\/\/sectrans.com.br\/wp-content\/uploads\/2024\/05\/VHDM_1012_ADAS-150x150.png 150w\" sizes=\"(max-width: 286px) 100vw, 286px\" \/><\/figure><div class=\"elementor-image-box-content\"><h3 class=\"elementor-image-box-title\">VHDM 1012 ADAS<\/h3><p class=\"elementor-image-box-description\">- C\u00e2mera veicular de case met\u00e1lico<br>\n- Resolu\u00e7\u00e3o 720p<br>\n- Maior alcance de Vis\u00e3o<br>\n- Prote\u00e7\u00e3o contra res\u00edduos s\u00f3lidos e l\u00edquidos<br>\n- Pote\u00e7\u00e3o IP54 e 12M de IR<br>\n- Sensor 1\/ 2,7\" CMOS<br>\n- Balan\u00e7o de branco autom\u00e1tico<br>\n- Case antivibra\u00e7\u00e3o<br>\n- Lente 2,8 mm<\/p><\/div><\/div>\t\t<\/div>\n\t\t\t\t<\/div>\n\t\t\t\t<div class=\"elementor-element elementor-element-76848be elementor-widget-divider--view-line elementor-widget elementor-widget-divider\" data-id=\"76848be\" data-element_type=\"widget\" data-widget_type=\"divider.default\">\n\t\t\t\t<div class=\"elementor-widget-container\">\n\t\t\t\t\t<div class=\"elementor-divider\">\n\t\t\t<span class=\"elementor-divider-separator\">\n\t\t\t\t\t\t<\/span>\n\t\t<\/div>\n\t\t\t\t<\/div>\n\t\t\t\t<\/div>\n\t\t\t\t\t<\/div>\n\t\t\t\t<\/div>\n\t\t<div class=\"elementor-element elementor-element-95d50e0 e-flex e-con-boxed e-con e-parent\" data-id=\"95d50e0\" data-element_type=\"container\">\n\t\t\t\t\t<div class=\"e-con-inner\">\n\t\t\t\t<div class=\"elementor-element elementor-element-860aade elementor-position-left elementor-vertical-align-middle elementor-widget elementor-widget-image-box\" data-id=\"860aade\" data-element_type=\"widget\" data-widget_type=\"image-box.default\">\n\t\t\t\t<div class=\"elementor-widget-container\">\n\t\t\t<div class=\"elementor-image-box-wrapper\"><figure class=\"elementor-image-box-img\"><img loading=\"lazy\" decoding=\"async\" width=\"309\" height=\"309\" src=\"http:\/\/sectrans.com.br\/wp-content\/uploads\/2024\/05\/VHDM_1006_DSM.png\" class=\"attachment-full size-full wp-image-357\" alt=\"\" srcset=\"http:\/\/sectrans.com.br\/wp-content\/uploads\/2024\/05\/VHDM_1006_DSM.png 309w, http:\/\/sectrans.com.br\/wp-content\/uploads\/2024\/05\/VHDM_1006_DSM-300x300.png 300w, http:\/\/sectrans.com.br\/wp-content\/uploads\/2024\/05\/VHDM_1006_DSM-150x150.png 150w\" sizes=\"(max-width: 309px) 100vw, 309px\" \/><\/figure><div class=\"elementor-image-box-content\"><h3 class=\"elementor-image-box-title\">VHDM 1006 DSM<\/h3><p class=\"elementor-image-box-description\">- C\u00e2mera veicular de case met\u00e1lico<br>\n- Resolu\u00e7\u00e3o 720p<br>\n- Maior alcance de Vis\u00e3o<br>\n- Prote\u00e7\u00e3o contra res\u00edduos s\u00f3lidos e l\u00edquidos<br>\n- Pote\u00e7\u00e3o IP54 e 6M de IR<br>\n- Sensor 1\/ 2,7\" CMOS<br>\n- Balan\u00e7o de branco autom\u00e1tico<br>\n- Case antivibra\u00e7\u00e3o<br>\n- Lente 2,8 mm<\/p><\/div><\/div>\t\t<\/div>\n\t\t\t\t<\/div>\n\t\t\t\t<div class=\"elementor-element elementor-element-efa2e3f elementor-widget-divider--view-line elementor-widget elementor-widget-divider\" data-id=\"efa2e3f\" data-element_type=\"widget\" data-widget_type=\"divider.default\">\n\t\t\t\t<div class=\"elementor-widget-container\">\n\t\t\t\t\t<div class=\"elementor-divider\">\n\t\t\t<span class=\"elementor-divider-separator\">\n\t\t\t\t\t\t<\/span>\n\t\t<\/div>\n\t\t\t\t<\/div>\n\t\t\t\t<\/div>\n\t\t\t\t\t<\/div>\n\t\t\t\t<\/div>\n\t\t<div class=\"elementor-element elementor-element-f03171b e-flex e-con-boxed e-con e-parent\" data-id=\"f03171b\" data-element_type=\"container\">\n\t\t\t\t\t<div class=\"e-con-inner\">\n\t\t\t\t<div class=\"elementor-element elementor-element-057a506 elementor-position-left elementor-vertical-align-middle elementor-widget elementor-widget-image-box\" data-id=\"057a506\" data-element_type=\"widget\" data-widget_type=\"image-box.default\">\n\t\t\t\t<div class=\"elementor-widget-container\">\n\t\t\t<div class=\"elementor-image-box-wrapper\"><figure class=\"elementor-image-box-img\"><img loading=\"lazy\" decoding=\"async\" width=\"333\" height=\"252\" src=\"http:\/\/sectrans.com.br\/wp-content\/uploads\/2024\/05\/VHDM_3020_X.png\" class=\"attachment-full size-full wp-image-359\" alt=\"\" srcset=\"http:\/\/sectrans.com.br\/wp-content\/uploads\/2024\/05\/VHDM_3020_X.png 333w, http:\/\/sectrans.com.br\/wp-content\/uploads\/2024\/05\/VHDM_3020_X-300x227.png 300w\" sizes=\"(max-width: 333px) 100vw, 333px\" \/><\/figure><div class=\"elementor-image-box-content\"><h3 class=\"elementor-image-box-title\">VHDM 3020 X<\/h3><p class=\"elementor-image-box-description\"><b>- A VHDM 3020 X \u00e9 ideal para o monitoramento de ve\u00edculos de m\u00e9dio e grande porte<\/b><br>\n- Resolu\u00e7\u00e3o 720p<br>\n- Case met\u00e1lico: resistente \u00e0s vibra\u00e7\u00f5es<br>\n- Filma em locais pouco iluminados<br>\n- IP67: resistente a \u00e1gua e poeira<br>\n- Sensor 1\/ 2,7\" CMOS<br>\n- IR 20M<br>\n- Balan\u00e7o de branco autom\u00e1tico<br>\n- Case antivibra\u00e7\u00e3o<br>\n- Lente 2,8 mm<\/p><\/div><\/div>\t\t<\/div>\n\t\t\t\t<\/div>\n\t\t\t\t<div class=\"elementor-element elementor-element-4a71317 elementor-widget-divider--view-line elementor-widget elementor-widget-divider\" data-id=\"4a71317\" data-element_type=\"widget\" data-widget_type=\"divider.default\">\n\t\t\t\t<div class=\"elementor-widget-container\">\n\t\t\t\t\t<div class=\"elementor-divider\">\n\t\t\t<span class=\"elementor-divider-separator\">\n\t\t\t\t\t\t<\/span>\n\t\t<\/div>\n\t\t\t\t<\/div>\n\t\t\t\t<\/div>\n\t\t\t\t\t<\/div>\n\t\t\t\t<\/div>\n\t\t\t\t<\/div>\n\t\t","protected":false},"excerpt":{"rendered":"<p>C\u00e2meras Veiculares VHDM 3125 G3 &#8211; Case met\u00e1lico &#8211; C\u00e2mera veicular AHD com 25M de IR &#8211; IP 67 &#8211; Resolu\u00e7\u00e3o 720p &#8211; Maior alcance de Vis\u00e3o &#8211; Prote\u00e7\u00e3o contra res\u00edduos s\u00f3lidos e l\u00edquidos &#8211; Sensor 1\/ 2,7&#8243; CMOS &#8211; Balan\u00e7o de branco autom\u00e1tico &#8211; Case antivibra\u00e7\u00e3o &#8211; Lente 2,8 mm VHDM 3105 G3 &#8211; [&hellip;]<\/p>\n","protected":false},"author":2,"featured_media":0,"parent":0,"menu_order":0,"comment_status":"closed","ping_status":"closed","template":"elementor_header_footer","meta":{"footnotes":""},"class_list":["post-338","page","type-page","status-publish","hentry"],"_links":{"self":[{"href":"http:\/\/sectrans.com.br\/index.php?rest_route=\/wp\/v2\/pages\/338","targetHints":{"allow":["GET"]}}],"collection":[{"href":"http:\/\/sectrans.com.br\/index.php?rest_route=\/wp\/v2\/pages"}],"about":[{"href":"http:\/\/sectrans.com.br\/index.php?rest_route=\/wp\/v2\/types\/page"}],"author":[{"embeddable":true,"href":"http:\/\/sectrans.com.br\/index.php?rest_route=\/wp\/v2\/users\/2"}],"replies":[{"embeddable":true,"href":"http:\/\/sectrans.com.br\/index.php?rest_route=%2Fwp%2Fv2%2Fcomments&post=338"}],"version-history":[{"count":25,"href":"http:\/\/sectrans.com.br\/index.php?rest_route=\/wp\/v2\/pages\/338\/revisions"}],"predecessor-version":[{"id":424,"href":"http:\/\/sectrans.com.br\/index.php?rest_route=\/wp\/v2\/pages\/338\/revisions\/424"}],"wp:attachment":[{"href":"http:\/\/sectrans.com.br\/index.php?rest_route=%2Fwp%2Fv2%2Fmedia&parent=338"}],"curies":[{"name":"wp","href":"https:\/\/api.w.org\/{rel}","templated":true}]}}